{"id":44224,"date":"2026-01-18T18:05:33","date_gmt":"2026-01-18T17:05:33","guid":{"rendered":"https:\/\/branch3.hapeh.de\/?post_type=product&#038;p=44224"},"modified":"2026-04-01T19:03:41","modified_gmt":"2026-04-01T17:03:41","slug":"nacani-starter-set-pferde-m","status":"publish","type":"product","link":"https:\/\/branch3.hapeh.de\/en\/product\/nacani-starter-set-pferde-m\/","title":{"rendered":"Set for \ud83d\udc34 \/ M 20ML 5,6% + L pack"},"content":{"rendered":"","protected":false},"excerpt":{"rendered":"","protected":false},"featured_media":39202,"comment_status":"open","ping_status":"closed","template":"","meta":{"_acf_changed":false},"product_cat":[417,421,428,429],"product_tag":[],"nacani_product_type":[724],"nacani_product_template_type":[],"nacani_product_color":[],"nacani_product_fake_variant_1":[],"nacani_product_fake_variant_2":[],"class_list":{"0":"post-44224","1":"product","2":"type-product","3":"status-publish","4":"has-post-thumbnail","6":"product_cat-our-range","7":"product_cat-cbd-bundles","8":"product_cat-for-horses","9":"product_cat-cbd-for-horses","10":"nacani_product_type-pferd","12":"first","13":"instock","14":"sale","15":"virtual","16":"taxable","17":"purchasable","18":"product-type-bundle"},"bundled_by":[],"bundle_stock_status":"instock","bundle_stock_quantity":"","bundle_virtual":false,"bundle_layout":"default","bundle_add_to_cart_form_location":"default","bundle_editable_in_cart":false,"bundle_sold_individually_context":"product","bundle_item_grouping":"parent","bundle_min_size":"","bundle_max_size":"","bundle_price":{"price":{"min":{"incl_tax":"144.53","excl_tax":"135.08"},"max":{"incl_tax":"144.53","excl_tax":"135.08"}},"regular_price":{"min":{"incl_tax":"164.8","excl_tax":"154.02"},"max":{"incl_tax":"164.8","excl_tax":"154.02"}}},"bundled_items":[{"bundled_item_id":106,"product_id":43825,"menu_order":0,"quantity_min":1,"quantity_max":1,"quantity_default":1,"priced_individually":true,"shipped_individually":false,"override_title":false,"title":"nacani CBD Oil","override_description":false,"description":"nacani CBD Oil","optional":false,"hide_thumbnail":false,"discount":"12","override_variations":true,"allowed_variations":[43884],"override_default_variation_attributes":false,"default_variation_attributes":[{"id":11,"name":"St\u00e4rke","option":"56-2mg-cbd-tropfen-2-2"},{"id":8,"name":"Gr\u00f6\u00dfe","option":"20ml-1120mg-cbd"}],"single_product_visibility":"visible","cart_visibility":"visible","order_visibility":"visible","single_product_price_visibility":"visible","cart_price_visibility":"visible","order_price_visibility":"visible","stock_status":"in_stock"},{"bundled_item_id":121,"product_id":44380,"menu_order":1,"quantity_min":1,"quantity_max":1,"quantity_default":1,"priced_individually":true,"shipped_individually":false,"override_title":false,"title":"CBD Snacks","override_description":false,"description":"CBD Snacks","optional":false,"hide_thumbnail":false,"discount":"12.5","override_variations":true,"allowed_variations":[44391,44408],"override_default_variation_attributes":false,"default_variation_attributes":[{"id":19,"name":"Sorte","option":"vegan"},{"id":12,"name":"St\u00e4rke & Kugelgr\u00f6\u00dfe","option":"nacanis-3mg-cbd-kugel"},{"id":7,"name":"Packung & Inhalt","option":"l-beutel-960-kugeln-960g-960mg-cbd"}],"single_product_visibility":"visible","cart_visibility":"visible","order_visibility":"visible","single_product_price_visibility":"visible","cart_price_visibility":"visible","order_price_visibility":"visible","stock_status":"in_stock"}],"bundle_sell_ids":[],"acf":[],"_links":{"self":[{"href":"https:\/\/branch3.hapeh.de\/en\/wp-json\/wp\/v2\/product\/44224","targetHints":{"allow":["GET"]}}],"collection":[{"href":"https:\/\/branch3.hapeh.de\/en\/wp-json\/wp\/v2\/product"}],"about":[{"href":"https:\/\/branch3.hapeh.de\/en\/wp-json\/wp\/v2\/types\/product"}],"replies":[{"embeddable":true,"href":"https:\/\/branch3.hapeh.de\/en\/wp-json\/wp\/v2\/comments?post=44224"}],"version-history":[{"count":0,"href":"https:\/\/branch3.hapeh.de\/en\/wp-json\/wp\/v2\/product\/44224\/revisions"}],"wp:featuredmedia":[{"embeddable":true,"href":"https:\/\/branch3.hapeh.de\/en\/wp-json\/wp\/v2\/media\/39202"}],"wp:attachment":[{"href":"https:\/\/branch3.hapeh.de\/en\/wp-json\/wp\/v2\/media?parent=44224"}],"wp:term":[{"taxonomy":"product_cat","embeddable":true,"href":"https:\/\/branch3.hapeh.de\/en\/wp-json\/wp\/v2\/product_cat?post=44224"},{"taxonomy":"product_tag","embeddable":true,"href":"https:\/\/branch3.hapeh.de\/en\/wp-json\/wp\/v2\/product_tag?post=44224"},{"taxonomy":"nacani_product_type","embeddable":true,"href":"https:\/\/branch3.hapeh.de\/en\/wp-json\/wp\/v2\/nacani_product_type?post=44224"},{"taxonomy":"nacani_product_template_type","embeddable":true,"href":"https:\/\/branch3.hapeh.de\/en\/wp-json\/wp\/v2\/nacani_product_template_type?post=44224"},{"taxonomy":"nacani_product_color","embeddable":true,"href":"https:\/\/branch3.hapeh.de\/en\/wp-json\/wp\/v2\/nacani_product_color?post=44224"},{"taxonomy":"nacani_product_fake_variant_1","embeddable":true,"href":"https:\/\/branch3.hapeh.de\/en\/wp-json\/wp\/v2\/nacani_product_fake_variant_1?post=44224"},{"taxonomy":"nacani_product_fake_variant_2","embeddable":true,"href":"https:\/\/branch3.hapeh.de\/en\/wp-json\/wp\/v2\/nacani_product_fake_variant_2?post=44224"}],"curies":[{"name":"wp","href":"https:\/\/api.w.org\/{rel}","templated":true}]}}